{"id":13242,"date":"2020-08-16T14:08:43","date_gmt":"2020-08-16T14:08:43","guid":{"rendered":"https:\/\/www.glfcorp.com\/?page_id=13242"},"modified":"2020-08-16T14:28:13","modified_gmt":"2020-08-16T14:28:13","slug":"shipment-tracking","status":"publish","type":"page","link":"https:\/\/www.glfcorp.com\/en\/shipment-tracking\/","title":{"rendered":"Shipment Tracking"},"content":{"rendered":"<div class=\"fusion-fullwidth fullwidth-box fusion-builder-row-1 nonhundred-percent-fullwidth non-hundred-percent-height-scrolling\" style=\"--awb-border-radius-top-left:0px;--awb-border-radius-top-right:0px;--awb-border-radius-bottom-right:0px;--awb-border-radius-bottom-left:0px;--awb-flex-wrap:wrap;\" ><div class=\"fusion-builder-row fusion-row\"><div class=\"fusion-layout-column fusion_builder_column fusion-builder-column-0 fusion_builder_column_1_3 1_3 fusion-one-third fusion-column-first\" style=\"--awb-bg-size:cover;width:33.333333333333%;width:calc(33.333333333333% - ( ( 4% ) * 0.33333333333333 ) );margin-right: 4%;\"><div class=\"fusion-column-wrapper fusion-column-has-shadow fusion-flex-column-wrapper-legacy\"><form method=\"post\" action=\"https:\/\/g55trn.webtracker.wisegrid.net\/Login\/Login.aspx\">\n<span class=\"colorText\">Quick View Number:<\/span> <input type=\"text\" name=\"QuickViewNumber\"\/><br\/>\n<span id=\"QuickViewErrorMsg\" style=\"color: Red\"><\/span><br\/>\n<input type=\"submit\" value=\"submit\" onclick=\"SaveCookie();\" class=\"wpcf7-form-control wpcf7-submit\"\/><br\/>\n\n<script type=\"text\/javascript\">\n\nHandleClearSaved();\nLoadCookie();\nHandleValue('QuickViewNumber');\nHandleMsg('QuickViewErrorMsg');\n\nfunction HandleClearSaved()\n{\n    var text = GetValue('ClearSaved');\nif ( text != null )\n{\nDeleteCookie();\n}\n}\n\nfunction HandleValue(Key)\n{\nvar controls = document.getElementsByName(Key)\nvar text = GetValue(Key);\nif ( controls.length == 1 && text != null )\n{\ncontrols[0].value = text;\n}\n}\n\nfunction HandleMsg(Key)\n{\nvar control = document.getElementById(Key)\nvar text = GetValue(Key);\nif ( control != null && text != null )\n{\ncontrol.innerText = text;\n}\n}\n\nfunction GetValue(Key)\n{\nvar result;\nvar queryString = location.search.substring(1);\nvar parameterName = Key + \"=\";\nif ( queryString.length > 0 )\n{\nbegin = queryString.indexOf ( parameterName );\nif ( begin != -1 )\n{\nbegin += parameterName.length;\nend = queryString.indexOf ( \"&\" , begin );\nif ( end == -1 )\n{\nend = queryString.length\n}\nresult = decodeURIComponent( queryString.substring ( begin, end ) );\n}\n}\nreturn result;\n}\n\nfunction SaveCookie()\n{\nvar rememberMe = document.forms[0].RememberMe;\nif (rememberMe != null && rememberMe.checked)\n{\nvar companyCode = escape( document.forms[0].CompanyCode.value );\nvar userEmail = escape( document.forms[0].UserEmail.value );    \nvar userPassword = escape( document.forms[0].UserPassword.value );\nvar nextYear = new Date();\nnextYear.setFullYear( nextYear.getFullYear() + 1 );\ndocument.cookie = \"0=\" + companyCode + \"; expires=\" + nextYear.toUTCString();\ndocument.cookie = \"1=\" + userEmail + \"; expires=\" + nextYear.toUTCString();\ndocument.cookie = \"2=\" + userPassword + \"; expires=\" + nextYear.toUTCString();\n}\nelse\n{\nDeleteCookie();\n}\n}\nfunction DeleteCookie()\n{\ndocument.cookie = \"0=; expires=\" + new Date().toUTCString();\ndocument.cookie = \"1=; expires=\" + new Date().toUTCString();\ndocument.cookie = \"2=; expires=\" + new Date().toUTCString();\n}\nfunction LoadCookie()\n{\nLoadCookieValue( document.forms[0].CompanyCode, \"0\" );\nLoadCookieValue( document.forms[0].UserEmail, \"1\" );\nLoadCookieValue( document.forms[0].UserPassword, \"2\" );\ndocument.forms[0].RememberMe.checked = document.forms[0].UserPassword.value != '';\n}\nfunction LoadCookieValue(Target, Key)\n{\nvar results = document.cookie.match ( '(^|;) ?' + Key + '=([^;]*)(;|$)' );\nif ( results )\n{\nTarget.value = unescape ( results[2] );\n}\n}\n<\/script>\n<\/form><div class=\"fusion-clearfix\"><\/div><\/div><\/div><\/div><\/div>\n","protected":false},"excerpt":{"rendered":"","protected":false},"author":1,"featured_media":0,"parent":0,"menu_order":0,"comment_status":"closed","ping_status":"closed","template":"","meta":{"footnotes":""},"class_list":["post-13242","page","type-page","status-publish","hentry"],"yoast_head":"<!-- This site is optimized with the Yoast SEO Premium plugin v27.3 (Yoast SEO v27.5) - https:\/\/yoast.com\/product\/yoast-seo-premium-wordpress\/ -->\n<title>Shipment Tracking - GLF Corp<\/title>\n<meta name=\"description\" content=\"Soluciones de log\u00edstica y transporte de carga en Panam\u00e1.\" \/>\n<meta name=\"robots\" content=\"index, follow, max-snippet:-1, max-image-preview:large, max-video-preview:-1\" \/>\n<link rel=\"canonical\" href=\"https:\/\/www.glfcorp.com\/en\/shipment-tracking\/\" \/>\n<meta name=\"twitter:card\" content=\"summary_large_image\" \/>\n<meta name=\"twitter:title\" content=\"Shipment Tracking - GLF Corp\" \/>\n<meta name=\"twitter:description\" content=\"Soluciones de log\u00edstica y transporte de carga en Panam\u00e1.\" \/>\n<meta name=\"twitter:label1\" content=\"Est. reading time\" \/>\n\t<meta name=\"twitter:data1\" content=\"4 minutes\" \/>\n<script type=\"application\/ld+json\" class=\"yoast-schema-graph\">{\"@context\":\"https:\\\/\\\/schema.org\",\"@graph\":[{\"@type\":\"WebPage\",\"@id\":\"https:\\\/\\\/www.glfcorp.com\\\/en\\\/shipment-tracking\\\/\",\"url\":\"https:\\\/\\\/www.glfcorp.com\\\/en\\\/shipment-tracking\\\/\",\"name\":\"Shipment Tracking - GLF Corp\",\"isPartOf\":{\"@id\":\"https:\\\/\\\/www.glfcorp.com\\\/en\\\/#website\"},\"description\":\"Soluciones de log\u00edstica y transporte de carga en Panam\u00e1.\",\"breadcrumb\":{\"@id\":\"https:\\\/\\\/www.glfcorp.com\\\/en\\\/shipment-tracking\\\/#breadcrumb\"},\"inLanguage\":\"en-US\",\"potentialAction\":[{\"@type\":\"ReadAction\",\"target\":[\"https:\\\/\\\/www.glfcorp.com\\\/en\\\/shipment-tracking\\\/\"]}]},{\"@type\":\"BreadcrumbList\",\"@id\":\"https:\\\/\\\/www.glfcorp.com\\\/en\\\/shipment-tracking\\\/#breadcrumb\",\"itemListElement\":[{\"@type\":\"ListItem\",\"position\":1,\"name\":\"Portada\",\"item\":\"https:\\\/\\\/www.glfcorp.com\\\/en\\\/\"},{\"@type\":\"ListItem\",\"position\":2,\"name\":\"Shipment Tracking\"}]},{\"@type\":\"WebSite\",\"@id\":\"https:\\\/\\\/www.glfcorp.com\\\/en\\\/#website\",\"url\":\"https:\\\/\\\/www.glfcorp.com\\\/en\\\/\",\"name\":\"GLF Corp\",\"description\":\"Carga log\u00edstica global\",\"publisher\":{\"@id\":\"https:\\\/\\\/www.glfcorp.com\\\/en\\\/#organization\"},\"potentialAction\":[{\"@type\":\"SearchAction\",\"target\":{\"@type\":\"EntryPoint\",\"urlTemplate\":\"https:\\\/\\\/www.glfcorp.com\\\/en\\\/?s={search_term_string}\"},\"query-input\":{\"@type\":\"PropertyValueSpecification\",\"valueRequired\":true,\"valueName\":\"search_term_string\"}}],\"inLanguage\":\"en-US\"},{\"@type\":[\"Organization\",\"Place\"],\"@id\":\"https:\\\/\\\/www.glfcorp.com\\\/en\\\/#organization\",\"name\":\"GLF CORP\",\"url\":\"https:\\\/\\\/www.glfcorp.com\\\/\",\"logo\":{\"@type\":\"ImageObject\",\"inLanguage\":\"en-US\",\"@id\":\"https:\\\/\\\/www.glfcorp.com\\\/en\\\/#\\\/schema\\\/logo\\\/image\\\/\",\"url\":\"https:\\\/\\\/www.glfcorp.com\\\/wp-content\\\/uploads\\\/2020\\\/02\\\/LOGO-GLF-AZUL.png\",\"contentUrl\":\"https:\\\/\\\/www.glfcorp.com\\\/wp-content\\\/uploads\\\/2020\\\/02\\\/LOGO-GLF-AZUL.png\",\"width\":200,\"height\":60,\"caption\":\"GLF CORP\"},\"image\":{\"@id\":\"https:\\\/\\\/www.glfcorp.com\\\/en\\\/#\\\/schema\\\/logo\\\/image\\\/\"},\"sameAs\":[\"https:\\\/\\\/www.facebook.com\\\/GLFLOGISTICS\\\/\",\"https:\\\/\\\/www.instagram.com\\\/glflogistics\\\/\",\"https:\\\/\\\/linkedin.com\\\/company\\\/glfcorp\\\/\"],\"description\":\"Somos GLF Log\u00edstica, una agencia de carga en Panam\u00e1 especializada en soluciones integrales de transporte multimodal y log\u00edstica para operaciones de comercio exterior. Ofrecemos servicios de transporte internacional, cross-docking, almacenaje, servicios 3PL, consolidaci\u00f3n de carga y carga completa (FCL), a trav\u00e9s de las modalidades a\u00e9rea, mar\u00edtima y terrestre. Formamos parte de una red global de agencias de carga con presencia en m\u00e1s de 190 pa\u00edses, lo que nos permite brindar soluciones log\u00edsticas eficientes, seguras y adaptadas a las necesidades de cada cliente.\",\"legalName\":\"GLF Log\u00edstica, S.A.\",\"foundingDate\":\"2018-01-01\",\"numberOfEmployees\":{\"@type\":\"QuantitativeValue\",\"minValue\":\"11\",\"maxValue\":\"50\"},\"telephone\":[\"+507 446-2261\",\"+507 6325-1301\"],\"email\":\"info@glfcorp.com\"}]}<\/script>\n<!-- \/ Yoast SEO Premium plugin. -->","yoast_head_json":{"title":"Shipment Tracking - GLF Corp","description":"Soluciones de log\u00edstica y transporte de carga en Panam\u00e1.","robots":{"index":"index","follow":"follow","max-snippet":"max-snippet:-1","max-image-preview":"max-image-preview:large","max-video-preview":"max-video-preview:-1"},"canonical":"https:\/\/www.glfcorp.com\/en\/shipment-tracking\/","twitter_card":"summary_large_image","twitter_title":"Shipment Tracking - GLF Corp","twitter_description":"Soluciones de log\u00edstica y transporte de carga en Panam\u00e1.","twitter_misc":{"Est. reading time":"4 minutes"},"schema":{"@context":"https:\/\/schema.org","@graph":[{"@type":"WebPage","@id":"https:\/\/www.glfcorp.com\/en\/shipment-tracking\/","url":"https:\/\/www.glfcorp.com\/en\/shipment-tracking\/","name":"Shipment Tracking - GLF Corp","isPartOf":{"@id":"https:\/\/www.glfcorp.com\/en\/#website"},"description":"Soluciones de log\u00edstica y transporte de carga en Panam\u00e1.","breadcrumb":{"@id":"https:\/\/www.glfcorp.com\/en\/shipment-tracking\/#breadcrumb"},"inLanguage":"en-US","potentialAction":[{"@type":"ReadAction","target":["https:\/\/www.glfcorp.com\/en\/shipment-tracking\/"]}]},{"@type":"BreadcrumbList","@id":"https:\/\/www.glfcorp.com\/en\/shipment-tracking\/#breadcrumb","itemListElement":[{"@type":"ListItem","position":1,"name":"Portada","item":"https:\/\/www.glfcorp.com\/en\/"},{"@type":"ListItem","position":2,"name":"Shipment Tracking"}]},{"@type":"WebSite","@id":"https:\/\/www.glfcorp.com\/en\/#website","url":"https:\/\/www.glfcorp.com\/en\/","name":"GLF Corp","description":"Carga log\u00edstica global","publisher":{"@id":"https:\/\/www.glfcorp.com\/en\/#organization"},"potentialAction":[{"@type":"SearchAction","target":{"@type":"EntryPoint","urlTemplate":"https:\/\/www.glfcorp.com\/en\/?s={search_term_string}"},"query-input":{"@type":"PropertyValueSpecification","valueRequired":true,"valueName":"search_term_string"}}],"inLanguage":"en-US"},{"@type":["Organization","Place"],"@id":"https:\/\/www.glfcorp.com\/en\/#organization","name":"GLF CORP","url":"https:\/\/www.glfcorp.com\/","logo":{"@type":"ImageObject","inLanguage":"en-US","@id":"https:\/\/www.glfcorp.com\/en\/#\/schema\/logo\/image\/","url":"https:\/\/www.glfcorp.com\/wp-content\/uploads\/2020\/02\/LOGO-GLF-AZUL.png","contentUrl":"https:\/\/www.glfcorp.com\/wp-content\/uploads\/2020\/02\/LOGO-GLF-AZUL.png","width":200,"height":60,"caption":"GLF CORP"},"image":{"@id":"https:\/\/www.glfcorp.com\/en\/#\/schema\/logo\/image\/"},"sameAs":["https:\/\/www.facebook.com\/GLFLOGISTICS\/","https:\/\/www.instagram.com\/glflogistics\/","https:\/\/linkedin.com\/company\/glfcorp\/"],"description":"Somos GLF Log\u00edstica, una agencia de carga en Panam\u00e1 especializada en soluciones integrales de transporte multimodal y log\u00edstica para operaciones de comercio exterior. Ofrecemos servicios de transporte internacional, cross-docking, almacenaje, servicios 3PL, consolidaci\u00f3n de carga y carga completa (FCL), a trav\u00e9s de las modalidades a\u00e9rea, mar\u00edtima y terrestre. Formamos parte de una red global de agencias de carga con presencia en m\u00e1s de 190 pa\u00edses, lo que nos permite brindar soluciones log\u00edsticas eficientes, seguras y adaptadas a las necesidades de cada cliente.","legalName":"GLF Log\u00edstica, S.A.","foundingDate":"2018-01-01","numberOfEmployees":{"@type":"QuantitativeValue","minValue":"11","maxValue":"50"},"telephone":["+507 446-2261","+507 6325-1301"],"email":"info@glfcorp.com"}]}},"_links":{"self":[{"href":"https:\/\/www.glfcorp.com\/en\/wp-json\/wp\/v2\/pages\/13242","targetHints":{"allow":["GET"]}}],"collection":[{"href":"https:\/\/www.glfcorp.com\/en\/wp-json\/wp\/v2\/pages"}],"about":[{"href":"https:\/\/www.glfcorp.com\/en\/wp-json\/wp\/v2\/types\/page"}],"author":[{"embeddable":true,"href":"https:\/\/www.glfcorp.com\/en\/wp-json\/wp\/v2\/users\/1"}],"replies":[{"embeddable":true,"href":"https:\/\/www.glfcorp.com\/en\/wp-json\/wp\/v2\/comments?post=13242"}],"version-history":[{"count":5,"href":"https:\/\/www.glfcorp.com\/en\/wp-json\/wp\/v2\/pages\/13242\/revisions"}],"predecessor-version":[{"id":13249,"href":"https:\/\/www.glfcorp.com\/en\/wp-json\/wp\/v2\/pages\/13242\/revisions\/13249"}],"wp:attachment":[{"href":"https:\/\/www.glfcorp.com\/en\/wp-json\/wp\/v2\/media?parent=13242"}],"curies":[{"name":"wp","href":"https:\/\/api.w.org\/{rel}","templated":true}]}}