{"id":12281,"date":"2019-06-13T08:36:14","date_gmt":"2019-06-13T08:36:14","guid":{"rendered":"https:\/\/www.glfcorp.com\/contacto\/"},"modified":"2022-06-20T13:50:21","modified_gmt":"2022-06-20T13:50:21","slug":"contact","status":"publish","type":"page","link":"https:\/\/www.glfcorp.com\/en\/contact\/","title":{"rendered":"Contact"},"content":{"rendered":"<div class=\"fusion-fullwidth fullwidth-box fusion-builder-row-1 nonhundred-percent-fullwidth non-hundred-percent-height-scrolling\" style=\"--awb-border-radius-top-left:0px;--awb-border-radius-top-right:0px;--awb-border-radius-bottom-right:0px;--awb-border-radius-bottom-left:0px;--awb-padding-top:0px;--awb-padding-bottom:20px;--awb-margin-top:0px;--awb-margin-bottom:0px;--awb-flex-wrap:wrap;\" ><div class=\"fusion-builder-row fusion-row\"><div class=\"fusion-layout-column fusion_builder_column fusion-builder-column-0 fusion_builder_column_1_1 1_1 fusion-one-full fusion-column-first fusion-column-last\" style=\"--awb-padding-right:180px;--awb-padding-left:180px;--awb-bg-size:cover;--awb-margin-bottom:10px;\"><div class=\"fusion-column-wrapper fusion-column-has-shadow fusion-flex-column-wrapper-legacy\"><div class=\"fusion-title title fusion-title-1 fusion-title-center fusion-title-text fusion-title-size-one\" style=\"--awb-margin-top-small:0px;--awb-margin-right-small:0px;--awb-margin-bottom-small:20px;--awb-margin-left-small:0px;\"><div class=\"title-sep-container title-sep-container-left\"><div class=\"title-sep sep- sep-solid\" style=\"border-color:#e0dede;\"><\/div><\/div><span class=\"awb-title-spacer\"><\/span><h1 class=\"fusion-title-heading title-heading-center fusion-responsive-typography-calculated\" style=\"margin:0;--fontSize:33;line-height:1.45;\"><strong><span style=\"color: #fff;\">CONTACT FORM<\/span><\/strong><\/h1><span class=\"awb-title-spacer\"><\/span><div class=\"title-sep-container title-sep-container-right\"><div class=\"title-sep sep- sep-solid\" style=\"border-color:#e0dede;\"><\/div><\/div><\/div>\n<div class=\"wpcf7 no-js\" id=\"wpcf7-f13399-o1\" lang=\"es-ES\" dir=\"ltr\" data-wpcf7-id=\"13399\">\n<div class=\"screen-reader-response\"><p role=\"status\" aria-live=\"polite\" aria-atomic=\"true\"><\/p> <ul><\/ul><\/div>\n<form action=\"\/en\/wp-json\/wp\/v2\/pages\/12281#wpcf7-f13399-o1\" method=\"post\" class=\"wpcf7-form init\" aria-label=\"Formulario de contacto\" novalidate=\"novalidate\" data-status=\"init\">\n<fieldset class=\"hidden-fields-container\"><input type=\"hidden\" name=\"_wpcf7\" value=\"13399\" \/><input type=\"hidden\" name=\"_wpcf7_version\" value=\"6.1.5\" \/><input type=\"hidden\" name=\"_wpcf7_locale\" value=\"es_ES\" \/><input type=\"hidden\" name=\"_wpcf7_unit_tag\" value=\"wpcf7-f13399-o1\" \/><input type=\"hidden\" name=\"_wpcf7_container_post\" value=\"0\" \/><input type=\"hidden\" name=\"_wpcf7_posted_data_hash\" value=\"\" \/><input type=\"hidden\" name=\"redirect_nonce\" value=\"81a6174cad\" \/><input type=\"hidden\" name=\"wpcf7cfpdf_hidden_name\" value=\"document-pdf\" \/><input type=\"hidden\" name=\"wpcf7cfpdf_hidden_reference\" value=\"eb3189c7\" \/><input type=\"hidden\" name=\"wpcf7cfpdf_hidden_date\" value=\"05022026\" \/><input type=\"hidden\" name=\"_wpcf7_recaptcha_response\" value=\"\" \/>\n<\/fieldset>\n<p><label><br \/>\n<span class=\"wpcf7-form-control-wrap\" data-name=\"your-name\"><input size=\"40\" maxlength=\"400\" class=\"wpcf7-form-control wpcf7-text wpcf7-validates-as-required\" aria-required=\"true\" aria-invalid=\"false\" value=\"NAME\" type=\"text\" name=\"your-name\" \/><\/span> <\/label>\n<\/p>\n<p><label><br \/>\n<span class=\"wpcf7-form-control-wrap\" data-name=\"your-email\"><input size=\"40\" maxlength=\"400\" class=\"wpcf7-form-control wpcf7-email wpcf7-validates-as-required wpcf7-text wpcf7-validates-as-email\" aria-required=\"true\" aria-invalid=\"false\" value=\"EMAIL\" type=\"email\" name=\"your-email\" \/><\/span> <\/label>\n<\/p>\n<p><label><br \/>\n<span class=\"wpcf7-form-control-wrap\" data-name=\"tel-526\"><input size=\"40\" maxlength=\"400\" class=\"wpcf7-form-control wpcf7-tel wpcf7-text wpcf7-validates-as-tel\" aria-invalid=\"false\" value=\"TELEPHONE\" type=\"tel\" name=\"tel-526\" \/><\/span><\/label>\n<\/p>\n<p><label><br \/>\n<span class=\"wpcf7-form-control-wrap\" data-name=\"your-message\"><textarea cols=\"40\" rows=\"10\" maxlength=\"2000\" class=\"wpcf7-form-control wpcf7-textarea\" aria-invalid=\"false\" name=\"your-message\">MESSAGE<\/textarea><\/span> <\/label>\n<\/p>\n<p><input class=\"wpcf7-form-control wpcf7-submit has-spinner\" type=\"submit\" value=\"send\" \/>\n<\/p><div class=\"fusion-alert alert custom alert-custom fusion-alert-center wpcf7-response-output fusion-alert-capitalize awb-alert-native-link-color alert-dismissable awb-alert-close-boxed\" style=\"--awb-border-size:1px;--awb-border-top-left-radius:0px;--awb-border-top-right-radius:0px;--awb-border-bottom-left-radius:0px;--awb-border-bottom-right-radius:0px;\" role=\"alert\"><div class=\"fusion-alert-content-wrapper\"><span class=\"fusion-alert-content\"><\/span><\/div><button type=\"button\" class=\"close toggle-alert\" data-dismiss=\"alert\" aria-label=\"Close\">&times;<\/button><\/div>\n<\/form>\n<\/div>\n<div class=\"fusion-sep-clear\"><\/div><div class=\"fusion-separator fusion-full-width-sep\" style=\"margin-left: auto;margin-right: auto;margin-top:45px;width:100%;\"><\/div><div class=\"fusion-sep-clear\"><\/div><div class=\"fusion-content-boxes content-boxes columns row fusion-columns-3 fusion-columns-total-3 fusion-content-boxes-1 content-boxes-icon-on-top content-left\" style=\"--awb-title-color:#273b89;--awb-iconcolor:#fbe853;--awb-hover-accent-color:#273b89;--awb-circle-hover-accent-color:#273b89;\" data-animationOffset=\"top-into-view\"><div style=\"--awb-backgroundcolor:rgba(255,255,255,0);--awb-iconcolor:#f4eb44;\" class=\"fusion-column content-box-column content-box-column content-box-column-1 col-lg-4 col-md-4 col-sm-4 fusion-content-box-hover content-box-column-first-in-row\"><div class=\"col content-box-wrapper content-wrapper link-area-link-icon icon-hover-animation-pulsate\" data-animationOffset=\"top-into-view\"><div class=\"heading heading-with-icon icon-left\"><div class=\"icon\"><i style=\"border-color:#1f3b8f;border-width:1px;background-color:#273b89;box-sizing:content-box;height:42px;width:42px;line-height:42px;border-radius:50%;font-size:21px;\" aria-hidden=\"true\" class=\"fontawesome-icon fa-map-marker-alt fas circle-yes\"><\/i><\/div><h1 class=\"content-box-heading fusion-responsive-typography-calculated\" style=\"--h1_typography-font-size:18px;--fontSize:18;line-height:1.45;\">4th street, 6th Avenue Block 51, warehouse #3 Colon Free Zone Rep. Of Panama (In front Waked\u2019s warehouse)<\/h1><\/div><\/div><\/div><div style=\"--awb-backgroundcolor:rgba(255,255,255,0);--awb-iconcolor:#fbe853;\" class=\"fusion-column content-box-column content-box-column content-box-column-2 col-lg-4 col-md-4 col-sm-4 fusion-content-box-hover \"><div class=\"col content-box-wrapper content-wrapper link-area-link-icon icon-hover-animation-pulsate\" data-animationOffset=\"top-into-view\"><div class=\"heading heading-with-icon icon-left\"><div class=\"icon\"><i style=\"border-color:rgba(51,51,51,0);border-width:1px;background-color:#273b89;box-sizing:content-box;height:42px;width:42px;line-height:42px;border-radius:50%;font-size:21px;\" aria-hidden=\"true\" class=\"fontawesome-icon fa-envelope fas circle-yes\"><\/i><\/div><h1 class=\"content-box-heading fusion-responsive-typography-calculated\" style=\"--h1_typography-font-size:18px;--fontSize:18;line-height:1.45;\">info@glfcorp.com<\/h1><\/div><\/div><\/div><div style=\"--awb-backgroundcolor:rgba(255,255,255,0);--awb-iconcolor:#fbe853;\" class=\"fusion-column content-box-column content-box-column content-box-column-3 col-lg-4 col-md-4 col-sm-4 fusion-content-box-hover content-box-column-last content-box-column-last-in-row\"><div class=\"col content-box-wrapper content-wrapper link-area-link-icon icon-hover-animation-pulsate\" data-animationOffset=\"top-into-view\"><div class=\"heading heading-with-icon icon-left\"><div class=\"icon\"><i style=\"border-color:#1f3b8f;border-width:1px;background-color:#273b89;box-sizing:content-box;height:42px;width:42px;line-height:42px;border-radius:50%;font-size:21px;\" aria-hidden=\"true\" class=\"fontawesome-icon fa-phone fas circle-yes\"><\/i><\/div><h1 class=\"content-box-heading fusion-responsive-typography-calculated\" style=\"--h1_typography-font-size:18px;--fontSize:18;line-height:1.45;\">+507 3602023<\/h1><\/div><\/div><\/div><div class=\"fusion-clearfix\"><\/div><\/div><div class=\"fusion-clearfix\"><\/div><\/div><\/div><\/div><\/div>\n","protected":false},"excerpt":{"rendered":"","protected":false},"author":2,"featured_media":0,"parent":0,"menu_order":0,"comment_status":"closed","ping_status":"closed","template":"100-width.php","meta":{"footnotes":""},"class_list":["post-12281","page","type-page","status-publish","hentry"],"yoast_head":"<!-- This site is optimized with the Yoast SEO Premium plugin v27.3 (Yoast SEO v27.5) - https:\/\/yoast.com\/product\/yoast-seo-premium-wordpress\/ -->\n<title>Contact - GLF Corp<\/title>\n<meta name=\"description\" content=\"Soluciones de log\u00edstica y transporte de carga en Panam\u00e1.\" \/>\n<meta name=\"robots\" content=\"index, follow, max-snippet:-1, max-image-preview:large, max-video-preview:-1\" \/>\n<link rel=\"canonical\" href=\"https:\/\/www.glfcorp.com\/en\/contact\/\" \/>\n<meta name=\"twitter:card\" content=\"summary_large_image\" \/>\n<meta name=\"twitter:title\" content=\"Contact - GLF Corp\" \/>\n<meta name=\"twitter:description\" content=\"Soluciones de log\u00edstica y transporte de carga en Panam\u00e1.\" \/>\n<meta name=\"twitter:label1\" content=\"Est. reading time\" \/>\n\t<meta name=\"twitter:data1\" content=\"4 minutes\" \/>\n<script type=\"application\/ld+json\" class=\"yoast-schema-graph\">{\"@context\":\"https:\\\/\\\/schema.org\",\"@graph\":[{\"@type\":\"WebPage\",\"@id\":\"https:\\\/\\\/www.glfcorp.com\\\/en\\\/contact\\\/\",\"url\":\"https:\\\/\\\/www.glfcorp.com\\\/en\\\/contact\\\/\",\"name\":\"Contact - GLF Corp\",\"isPartOf\":{\"@id\":\"https:\\\/\\\/www.glfcorp.com\\\/en\\\/#website\"},\"description\":\"Soluciones de log\u00edstica y transporte de carga en Panam\u00e1.\",\"breadcrumb\":{\"@id\":\"https:\\\/\\\/www.glfcorp.com\\\/en\\\/contact\\\/#breadcrumb\"},\"inLanguage\":\"en-US\",\"potentialAction\":[{\"@type\":\"ReadAction\",\"target\":[\"https:\\\/\\\/www.glfcorp.com\\\/en\\\/contact\\\/\"]}]},{\"@type\":\"BreadcrumbList\",\"@id\":\"https:\\\/\\\/www.glfcorp.com\\\/en\\\/contact\\\/#breadcrumb\",\"itemListElement\":[{\"@type\":\"ListItem\",\"position\":1,\"name\":\"Portada\",\"item\":\"https:\\\/\\\/www.glfcorp.com\\\/en\\\/\"},{\"@type\":\"ListItem\",\"position\":2,\"name\":\"Contact\"}]},{\"@type\":\"WebSite\",\"@id\":\"https:\\\/\\\/www.glfcorp.com\\\/en\\\/#website\",\"url\":\"https:\\\/\\\/www.glfcorp.com\\\/en\\\/\",\"name\":\"GLF Corp\",\"description\":\"Carga log\u00edstica global\",\"publisher\":{\"@id\":\"https:\\\/\\\/www.glfcorp.com\\\/en\\\/#organization\"},\"potentialAction\":[{\"@type\":\"SearchAction\",\"target\":{\"@type\":\"EntryPoint\",\"urlTemplate\":\"https:\\\/\\\/www.glfcorp.com\\\/en\\\/?s={search_term_string}\"},\"query-input\":{\"@type\":\"PropertyValueSpecification\",\"valueRequired\":true,\"valueName\":\"search_term_string\"}}],\"inLanguage\":\"en-US\"},{\"@type\":[\"Organization\",\"Place\"],\"@id\":\"https:\\\/\\\/www.glfcorp.com\\\/en\\\/#organization\",\"name\":\"GLF CORP\",\"url\":\"https:\\\/\\\/www.glfcorp.com\\\/\",\"logo\":{\"@type\":\"ImageObject\",\"inLanguage\":\"en-US\",\"@id\":\"https:\\\/\\\/www.glfcorp.com\\\/en\\\/#\\\/schema\\\/logo\\\/image\\\/\",\"url\":\"https:\\\/\\\/www.glfcorp.com\\\/wp-content\\\/uploads\\\/2020\\\/02\\\/LOGO-GLF-AZUL.png\",\"contentUrl\":\"https:\\\/\\\/www.glfcorp.com\\\/wp-content\\\/uploads\\\/2020\\\/02\\\/LOGO-GLF-AZUL.png\",\"width\":200,\"height\":60,\"caption\":\"GLF CORP\"},\"image\":{\"@id\":\"https:\\\/\\\/www.glfcorp.com\\\/en\\\/#\\\/schema\\\/logo\\\/image\\\/\"},\"sameAs\":[\"https:\\\/\\\/www.facebook.com\\\/GLFLOGISTICS\\\/\",\"https:\\\/\\\/www.instagram.com\\\/glflogistics\\\/\",\"https:\\\/\\\/linkedin.com\\\/company\\\/glfcorp\\\/\"],\"description\":\"Somos GLF Log\u00edstica, una agencia de carga en Panam\u00e1 especializada en soluciones integrales de transporte multimodal y log\u00edstica para operaciones de comercio exterior. Ofrecemos servicios de transporte internacional, cross-docking, almacenaje, servicios 3PL, consolidaci\u00f3n de carga y carga completa (FCL), a trav\u00e9s de las modalidades a\u00e9rea, mar\u00edtima y terrestre. Formamos parte de una red global de agencias de carga con presencia en m\u00e1s de 190 pa\u00edses, lo que nos permite brindar soluciones log\u00edsticas eficientes, seguras y adaptadas a las necesidades de cada cliente.\",\"legalName\":\"GLF Log\u00edstica, S.A.\",\"foundingDate\":\"2018-01-01\",\"numberOfEmployees\":{\"@type\":\"QuantitativeValue\",\"minValue\":\"11\",\"maxValue\":\"50\"},\"telephone\":[\"+507 446-2261\",\"+507 6325-1301\"],\"email\":\"info@glfcorp.com\"}]}<\/script>\n<!-- \/ Yoast SEO Premium plugin. -->","yoast_head_json":{"title":"Contact - GLF Corp","description":"Soluciones de log\u00edstica y transporte de carga en Panam\u00e1.","robots":{"index":"index","follow":"follow","max-snippet":"max-snippet:-1","max-image-preview":"max-image-preview:large","max-video-preview":"max-video-preview:-1"},"canonical":"https:\/\/www.glfcorp.com\/en\/contact\/","twitter_card":"summary_large_image","twitter_title":"Contact - GLF Corp","twitter_description":"Soluciones de log\u00edstica y transporte de carga en Panam\u00e1.","twitter_misc":{"Est. reading time":"4 minutes"},"schema":{"@context":"https:\/\/schema.org","@graph":[{"@type":"WebPage","@id":"https:\/\/www.glfcorp.com\/en\/contact\/","url":"https:\/\/www.glfcorp.com\/en\/contact\/","name":"Contact - GLF Corp","isPartOf":{"@id":"https:\/\/www.glfcorp.com\/en\/#website"},"description":"Soluciones de log\u00edstica y transporte de carga en Panam\u00e1.","breadcrumb":{"@id":"https:\/\/www.glfcorp.com\/en\/contact\/#breadcrumb"},"inLanguage":"en-US","potentialAction":[{"@type":"ReadAction","target":["https:\/\/www.glfcorp.com\/en\/contact\/"]}]},{"@type":"BreadcrumbList","@id":"https:\/\/www.glfcorp.com\/en\/contact\/#breadcrumb","itemListElement":[{"@type":"ListItem","position":1,"name":"Portada","item":"https:\/\/www.glfcorp.com\/en\/"},{"@type":"ListItem","position":2,"name":"Contact"}]},{"@type":"WebSite","@id":"https:\/\/www.glfcorp.com\/en\/#website","url":"https:\/\/www.glfcorp.com\/en\/","name":"GLF Corp","description":"Carga log\u00edstica global","publisher":{"@id":"https:\/\/www.glfcorp.com\/en\/#organization"},"potentialAction":[{"@type":"SearchAction","target":{"@type":"EntryPoint","urlTemplate":"https:\/\/www.glfcorp.com\/en\/?s={search_term_string}"},"query-input":{"@type":"PropertyValueSpecification","valueRequired":true,"valueName":"search_term_string"}}],"inLanguage":"en-US"},{"@type":["Organization","Place"],"@id":"https:\/\/www.glfcorp.com\/en\/#organization","name":"GLF CORP","url":"https:\/\/www.glfcorp.com\/","logo":{"@type":"ImageObject","inLanguage":"en-US","@id":"https:\/\/www.glfcorp.com\/en\/#\/schema\/logo\/image\/","url":"https:\/\/www.glfcorp.com\/wp-content\/uploads\/2020\/02\/LOGO-GLF-AZUL.png","contentUrl":"https:\/\/www.glfcorp.com\/wp-content\/uploads\/2020\/02\/LOGO-GLF-AZUL.png","width":200,"height":60,"caption":"GLF CORP"},"image":{"@id":"https:\/\/www.glfcorp.com\/en\/#\/schema\/logo\/image\/"},"sameAs":["https:\/\/www.facebook.com\/GLFLOGISTICS\/","https:\/\/www.instagram.com\/glflogistics\/","https:\/\/linkedin.com\/company\/glfcorp\/"],"description":"Somos GLF Log\u00edstica, una agencia de carga en Panam\u00e1 especializada en soluciones integrales de transporte multimodal y log\u00edstica para operaciones de comercio exterior. Ofrecemos servicios de transporte internacional, cross-docking, almacenaje, servicios 3PL, consolidaci\u00f3n de carga y carga completa (FCL), a trav\u00e9s de las modalidades a\u00e9rea, mar\u00edtima y terrestre. Formamos parte de una red global de agencias de carga con presencia en m\u00e1s de 190 pa\u00edses, lo que nos permite brindar soluciones log\u00edsticas eficientes, seguras y adaptadas a las necesidades de cada cliente.","legalName":"GLF Log\u00edstica, S.A.","foundingDate":"2018-01-01","numberOfEmployees":{"@type":"QuantitativeValue","minValue":"11","maxValue":"50"},"telephone":["+507 446-2261","+507 6325-1301"],"email":"info@glfcorp.com"}]}},"_links":{"self":[{"href":"https:\/\/www.glfcorp.com\/en\/wp-json\/wp\/v2\/pages\/12281","targetHints":{"allow":["GET"]}}],"collection":[{"href":"https:\/\/www.glfcorp.com\/en\/wp-json\/wp\/v2\/pages"}],"about":[{"href":"https:\/\/www.glfcorp.com\/en\/wp-json\/wp\/v2\/types\/page"}],"author":[{"embeddable":true,"href":"https:\/\/www.glfcorp.com\/en\/wp-json\/wp\/v2\/users\/2"}],"replies":[{"embeddable":true,"href":"https:\/\/www.glfcorp.com\/en\/wp-json\/wp\/v2\/comments?post=12281"}],"version-history":[{"count":11,"href":"https:\/\/www.glfcorp.com\/en\/wp-json\/wp\/v2\/pages\/12281\/revisions"}],"predecessor-version":[{"id":14719,"href":"https:\/\/www.glfcorp.com\/en\/wp-json\/wp\/v2\/pages\/12281\/revisions\/14719"}],"wp:attachment":[{"href":"https:\/\/www.glfcorp.com\/en\/wp-json\/wp\/v2\/media?parent=12281"}],"curies":[{"name":"wp","href":"https:\/\/api.w.org\/{rel}","templated":true}]}}